{"id":761,"date":"2025-09-09T16:13:38","date_gmt":"2025-09-09T19:13:38","guid":{"rendered":"https:\/\/testeando.com.ar\/4pl\/?page_id=761"},"modified":"2025-09-18T20:54:50","modified_gmt":"2025-09-18T23:54:50","slug":"desarrollo","status":"publish","type":"page","link":"https:\/\/prlogistica.com\/en\/desarrollo\/","title":{"rendered":"PR Log\u00edstica &#8211; Desarrollo"},"content":{"rendered":"<div data-elementor-type=\"wp-page\" data-elementor-id=\"761\" class=\"elementor elementor-761\">\n\t\t\t\t<div class=\"elementor-element elementor-element-0fb85e9 e-flex e-con-boxed wpr-particle-no wpr-jarallax-no wpr-parallax-no wpr-sticky-section-no e-con e-parent\" data-id=\"0fb85e9\" data-element_type=\"container\">\n\t\t\t\t\t<div class=\"e-con-inner\">\n\t\t<div class=\"elementor-element elementor-element-4b58002 e-con-full e-flex wpr-particle-no wpr-jarallax-no wpr-parallax-no wpr-sticky-section-no e-con e-child\" data-id=\"4b58002\" data-element_type=\"container\">\n\t\t\t\t<div class=\"elementor-element elementor-element-1b279e5 elementor-widget elementor-widget-text-editor\" data-id=\"1b279e5\" data-element_type=\"widget\" data-widget_type=\"text-editor.default\">\n\t\t\t\t\t\t\t\t\t<p>DEVELOPING<\/p>\t\t\t\t\t\t\t\t<\/div>\n\t\t\t\t<\/div>\n\t\t\t\t\t<\/div>\n\t\t\t\t<\/div>\n\t\t<div class=\"elementor-element elementor-element-f876312 e-flex e-con-boxed wpr-particle-no wpr-jarallax-no wpr-parallax-no wpr-sticky-section-no e-con e-parent\" data-id=\"f876312\" data-element_type=\"container\">\n\t\t\t\t\t<div class=\"e-con-inner\">\n\t\t<div class=\"elementor-element elementor-element-4fb66eb e-con-full e-flex wpr-particle-no wpr-jarallax-no wpr-parallax-no wpr-sticky-section-no e-con e-child\" data-id=\"4fb66eb\" data-element_type=\"container\">\n\t\t\t\t<div class=\"elementor-element elementor-element-04f8d8a elementor-widget elementor-widget-text-editor\" data-id=\"04f8d8a\" data-element_type=\"widget\" data-widget_type=\"text-editor.default\">\n\t\t\t\t\t\t\t\t\t<hr style=\"margin: 20px 0; border: 0; max-width: 30%; border-top: 4px solid #f84a6f; border-bottom: none;\" \/><p>DEVELOPMENT OF THE LOGISTICS ROUTE FOR THE DISTRIBUTION OF A PRODUCT<\/p>\t\t\t\t\t\t\t\t<\/div>\n\t\t\t\t<div class=\"elementor-element elementor-element-c015e6f elementor-widget elementor-widget-image\" data-id=\"c015e6f\" data-element_type=\"widget\" data-widget_type=\"image.default\">\n\t\t\t\t\t\t\t\t\t\t\t\t\t\t\t<img fetchpriority=\"high\" decoding=\"async\" width=\"489\" height=\"310\" src=\"https:\/\/prlogistica.com\/wp-content\/uploads\/2025\/09\/desarrollo.jpeg\" class=\"attachment-large size-large wp-image-1019\" alt=\"\" srcset=\"https:\/\/prlogistica.com\/wp-content\/uploads\/2025\/09\/desarrollo.jpeg 489w, https:\/\/prlogistica.com\/wp-content\/uploads\/2025\/09\/desarrollo-300x190.jpeg 300w, https:\/\/prlogistica.com\/wp-content\/uploads\/2025\/09\/desarrollo-18x12.jpeg 18w\" sizes=\"(max-width: 489px) 100vw, 489px\" \/>\t\t\t\t\t\t\t\t\t\t\t\t\t\t\t<\/div>\n\t\t\t\t<\/div>\n\t\t<div class=\"elementor-element elementor-element-7b4cf6b e-con-full e-flex wpr-particle-no wpr-jarallax-no wpr-parallax-no wpr-sticky-section-no e-con e-child\" data-id=\"7b4cf6b\" data-element_type=\"container\">\n\t\t\t\t<div class=\"elementor-element elementor-element-6f385e9 elementor-widget elementor-widget-text-editor\" data-id=\"6f385e9\" data-element_type=\"widget\" data-widget_type=\"text-editor.default\">\n\t\t\t\t\t\t\t\t\t<p>Do you want to start distributing a product in a new market, but don't have the time, knowledge, or experience to get started?<\/p><p>Would you like to know the options, potential bottlenecks, and how to resolve them?<\/p>\t\t\t\t\t\t\t\t<\/div>\n\t\t\t\t<div class=\"elementor-element elementor-element-814aff0 elementor-widget elementor-widget-text-editor\" data-id=\"814aff0\" data-element_type=\"widget\" data-widget_type=\"text-editor.default\">\n\t\t\t\t\t\t\t\t\t<p>We jointly develop the commercial strategies your company needs to enter a new market. We assess costs and bottlenecks, establishing processes and guidelines so you can successfully launch your business in more countries.<\/p>\t\t\t\t\t\t\t\t<\/div>\n\t\t\t\t<div class=\"elementor-element elementor-element-da50355 elementor-widget elementor-widget-text-editor\" data-id=\"da50355\" data-element_type=\"widget\" data-widget_type=\"text-editor.default\">\n\t\t\t\t\t\t\t\t\t<p><strong>Write to us so we can help you!<\/strong><\/p>\t\t\t\t\t\t\t\t<\/div>\n\t\t\t\t<div class=\"elementor-element elementor-element-3f3acd8 elementor-align-right elementor-widget elementor-widget-button\" data-id=\"3f3acd8\" data-element_type=\"widget\" data-widget_type=\"button.default\">\n\t\t\t\t\t\t\t\t\t\t<a class=\"elementor-button elementor-button-link elementor-size-sm\" href=\"https:\/\/testeando.com.ar\/4pl#servicios\">\n\t\t\t\t\t\t<span class=\"elementor-button-content-wrapper\">\n\t\t\t\t\t\t\t\t\t<span class=\"elementor-button-text\">Return<\/span>\n\t\t\t\t\t<\/span>\n\t\t\t\t\t<\/a>\n\t\t\t\t\t\t\t\t<\/div>\n\t\t\t\t<\/div>\n\t\t\t\t\t<\/div>\n\t\t\t\t<\/div>\n\t\t\t\t<\/div>","protected":false},"excerpt":{"rendered":"<p>DESARROLLO DESARROLLO DE LA RUTA LOG\u00cdSTICA PARA LA DISTRIBUCI\u00d3N DE UN PRODUCTO \u00bfQuieres comenzar a distribuir un producto en un nuevo mercado, pero no tienes tiempo, conocimiento y referencias para iniciar? \u00bfQuisieras conocer las opciones, los posibles cuellos de botella y c\u00f3mo resolverlos? Ideamos en conjunto las estrategias comerciales que necesita tu empresa para ingresar en un nuevo mercado, evaluamos los costos, los cuellos de botella, estableciendo los procesos y lineamientos para que puedas comenzar con \u00e9xito tus negocios en m\u00e1s pa\u00edses. \u00a1Escribinos para que podamos ayudarte! Volver<\/p>","protected":false},"author":1,"featured_media":0,"parent":0,"menu_order":0,"comment_status":"closed","ping_status":"closed","template":"","meta":{"_eb_attr":"","inline_featured_image":false,"footnotes":""},"class_list":["post-761","page","type-page","status-publish","hentry"],"aioseo_notices":[],"_links":{"self":[{"href":"https:\/\/prlogistica.com\/en\/wp-json\/wp\/v2\/pages\/761","targetHints":{"allow":["GET"]}}],"collection":[{"href":"https:\/\/prlogistica.com\/en\/wp-json\/wp\/v2\/pages"}],"about":[{"href":"https:\/\/prlogistica.com\/en\/wp-json\/wp\/v2\/types\/page"}],"author":[{"embeddable":true,"href":"https:\/\/prlogistica.com\/en\/wp-json\/wp\/v2\/users\/1"}],"replies":[{"embeddable":true,"href":"https:\/\/prlogistica.com\/en\/wp-json\/wp\/v2\/comments?post=761"}],"version-history":[{"count":20,"href":"https:\/\/prlogistica.com\/en\/wp-json\/wp\/v2\/pages\/761\/revisions"}],"predecessor-version":[{"id":1032,"href":"https:\/\/prlogistica.com\/en\/wp-json\/wp\/v2\/pages\/761\/revisions\/1032"}],"wp:attachment":[{"href":"https:\/\/prlogistica.com\/en\/wp-json\/wp\/v2\/media?parent=761"}],"curies":[{"name":"wp","href":"https:\/\/api.w.org\/{rel}","templated":true}]}}