{"id":759,"date":"2025-09-09T16:27:13","date_gmt":"2025-09-09T19:27:13","guid":{"rendered":"https:\/\/testeando.com.ar\/4pl\/?page_id=759"},"modified":"2025-09-18T20:54:22","modified_gmt":"2025-09-18T23:54:22","slug":"gestion","status":"publish","type":"page","link":"https:\/\/prlogistica.com\/en\/gestion\/","title":{"rendered":"PR Log\u00edstica &#8211; Gesti\u00f3n"},"content":{"rendered":"<div data-elementor-type=\"wp-page\" data-elementor-id=\"759\" class=\"elementor elementor-759\">\n\t\t\t\t<div class=\"elementor-element elementor-element-0fb85e9 e-flex e-con-boxed wpr-particle-no wpr-jarallax-no wpr-parallax-no wpr-sticky-section-no e-con e-parent\" data-id=\"0fb85e9\" data-element_type=\"container\">\n\t\t\t\t\t<div class=\"e-con-inner\">\n\t\t<div class=\"elementor-element elementor-element-4b58002 e-con-full e-flex wpr-particle-no wpr-jarallax-no wpr-parallax-no wpr-sticky-section-no e-con e-child\" data-id=\"4b58002\" data-element_type=\"container\">\n\t\t\t\t<div class=\"elementor-element elementor-element-1b279e5 elementor-widget elementor-widget-text-editor\" data-id=\"1b279e5\" data-element_type=\"widget\" data-widget_type=\"text-editor.default\">\n\t\t\t\t\t\t\t\t\t<p>MANAGEMENT<\/p>\t\t\t\t\t\t\t\t<\/div>\n\t\t\t\t<\/div>\n\t\t\t\t\t<\/div>\n\t\t\t\t<\/div>\n\t\t<div class=\"elementor-element elementor-element-f876312 e-flex e-con-boxed wpr-particle-no wpr-jarallax-no wpr-parallax-no wpr-sticky-section-no e-con e-parent\" data-id=\"f876312\" data-element_type=\"container\">\n\t\t\t\t\t<div class=\"e-con-inner\">\n\t\t<div class=\"elementor-element elementor-element-4fb66eb e-con-full e-flex wpr-particle-no wpr-jarallax-no wpr-parallax-no wpr-sticky-section-no e-con e-child\" data-id=\"4fb66eb\" data-element_type=\"container\">\n\t\t\t\t<div class=\"elementor-element elementor-element-04f8d8a elementor-widget elementor-widget-text-editor\" data-id=\"04f8d8a\" data-element_type=\"widget\" data-widget_type=\"text-editor.default\">\n\t\t\t\t\t\t\t\t\t<hr style=\"margin: 20px 0; border: 0; max-width: 30%; border-top: 4px solid #f84a6f; border-bottom: none;\" \/><p>MANAGEMENT OF YOUR COMPANY'S LOGISTICS<\/p>\t\t\t\t\t\t\t\t<\/div>\n\t\t\t\t<div class=\"elementor-element elementor-element-c015e6f elementor-widget elementor-widget-image\" data-id=\"c015e6f\" data-element_type=\"widget\" data-widget_type=\"image.default\">\n\t\t\t\t\t\t\t\t\t\t\t\t\t\t\t<img fetchpriority=\"high\" decoding=\"async\" width=\"493\" height=\"384\" src=\"https:\/\/prlogistica.com\/wp-content\/uploads\/2025\/09\/logistica.jpeg\" class=\"attachment-large size-large wp-image-1015\" alt=\"\" srcset=\"https:\/\/prlogistica.com\/wp-content\/uploads\/2025\/09\/logistica.jpeg 493w, https:\/\/prlogistica.com\/wp-content\/uploads\/2025\/09\/logistica-300x234.jpeg 300w, https:\/\/prlogistica.com\/wp-content\/uploads\/2025\/09\/logistica-15x12.jpeg 15w\" sizes=\"(max-width: 493px) 100vw, 493px\" \/>\t\t\t\t\t\t\t\t\t\t\t\t\t\t\t<\/div>\n\t\t\t\t<\/div>\n\t\t<div class=\"elementor-element elementor-element-7b4cf6b e-con-full e-flex wpr-particle-no wpr-jarallax-no wpr-parallax-no wpr-sticky-section-no e-con e-child\" data-id=\"7b4cf6b\" data-element_type=\"container\">\n\t\t\t\t<div class=\"elementor-element elementor-element-6f385e9 elementor-widget elementor-widget-text-editor\" data-id=\"6f385e9\" data-element_type=\"widget\" data-widget_type=\"text-editor.default\">\n\t\t\t\t\t\t\t\t\t<p>Do you want to look at your business from a strategic and operational perspective?<\/p>\t\t\t\t\t\t\t\t<\/div>\n\t\t\t\t<div class=\"elementor-element elementor-element-814aff0 elementor-widget elementor-widget-text-editor\" data-id=\"814aff0\" data-element_type=\"widget\" data-widget_type=\"text-editor.default\">\n\t\t\t\t\t\t\t\t\t<p>We coordinate all suppliers in the logistics chain to work together, addressing and representing your company's interests and improving your supply and distribution processes, giving you time to focus on developing your business.<\/p><p>A single link to all parties involved in your company's supply chain.<\/p><p>A strategic partner that represents your company's interests before logistics service providers.<\/p><p>Test new markets without having to invest heavily.<\/p>\t\t\t\t\t\t\t\t<\/div>\n\t\t\t\t<div class=\"elementor-element elementor-element-128dd9f elementor-widget elementor-widget-text-editor\" data-id=\"128dd9f\" data-element_type=\"widget\" data-widget_type=\"text-editor.default\">\n\t\t\t\t\t\t\t\t\t<p><strong data-bind=\"tagname: formattingElements[0]\"><span data-bind=\"text: ko.unwrap( snippet.data.contenido )\">We provide services to:<\/span><\/strong><\/p>\t\t\t\t\t\t\t\t<\/div>\n\t\t<div class=\"elementor-element elementor-element-632bc82 e-con-full e-flex wpr-particle-no wpr-jarallax-no wpr-parallax-no wpr-sticky-section-no e-con e-child\" data-id=\"632bc82\" data-element_type=\"container\">\n\t\t<div class=\"elementor-element elementor-element-fe918c5 e-con-full e-flex wpr-particle-no wpr-jarallax-no wpr-parallax-no wpr-sticky-section-no e-con e-child\" data-id=\"fe918c5\" data-element_type=\"container\">\n\t\t\t\t<div class=\"elementor-element elementor-element-c5653a7 elementor-widget elementor-widget-text-editor\" data-id=\"c5653a7\" data-element_type=\"widget\" data-widget_type=\"text-editor.default\">\n\t\t\t\t\t\t\t\t\t<p style=\"text-align: center;\"><img decoding=\"async\" class=\"size-full wp-image-769 aligncenter\" src=\"https:\/\/testeando.com.ar\/4pl\/wp-content\/uploads\/2025\/09\/01.jpg\" alt=\"\" width=\"83\" height=\"83\" srcset=\"https:\/\/prlogistica.com\/wp-content\/uploads\/2025\/09\/01.jpg 83w, https:\/\/prlogistica.com\/wp-content\/uploads\/2025\/09\/01-12x12.jpg 12w\" sizes=\"(max-width: 83px) 100vw, 83px\" \/>Water industry<\/p>\t\t\t\t\t\t\t\t<\/div>\n\t\t\t\t<\/div>\n\t\t<div class=\"elementor-element elementor-element-e502ca6 e-con-full e-flex wpr-particle-no wpr-jarallax-no wpr-parallax-no wpr-sticky-section-no e-con e-child\" data-id=\"e502ca6\" data-element_type=\"container\">\n\t\t\t\t<div class=\"elementor-element elementor-element-fc7d1fb elementor-widget elementor-widget-text-editor\" data-id=\"fc7d1fb\" data-element_type=\"widget\" data-widget_type=\"text-editor.default\">\n\t\t\t\t\t\t\t\t\t<p style=\"text-align: center;\"><img decoding=\"async\" class=\"wp-image-770 size-full aligncenter\" src=\"https:\/\/testeando.com.ar\/4pl\/wp-content\/uploads\/2025\/09\/02.jpg\" alt=\"\" width=\"83\" height=\"83\" srcset=\"https:\/\/prlogistica.com\/wp-content\/uploads\/2025\/09\/02.jpg 83w, https:\/\/prlogistica.com\/wp-content\/uploads\/2025\/09\/02-12x12.jpg 12w\" sizes=\"(max-width: 83px) 100vw, 83px\" \/>Food industry<\/p>\t\t\t\t\t\t\t\t<\/div>\n\t\t\t\t<\/div>\n\t\t<div class=\"elementor-element elementor-element-eb7908c e-con-full e-flex wpr-particle-no wpr-jarallax-no wpr-parallax-no wpr-sticky-section-no e-con e-child\" data-id=\"eb7908c\" data-element_type=\"container\">\n\t\t\t\t<div class=\"elementor-element elementor-element-c441fab elementor-widget elementor-widget-text-editor\" data-id=\"c441fab\" data-element_type=\"widget\" data-widget_type=\"text-editor.default\">\n\t\t\t\t\t\t\t\t\t<p style=\"text-align: center;\"><img loading=\"lazy\" decoding=\"async\" class=\"wp-image-771 size-full aligncenter\" src=\"https:\/\/testeando.com.ar\/4pl\/wp-content\/uploads\/2025\/09\/03.jpg\" alt=\"\" width=\"83\" height=\"83\" srcset=\"https:\/\/prlogistica.com\/wp-content\/uploads\/2025\/09\/03.jpg 83w, https:\/\/prlogistica.com\/wp-content\/uploads\/2025\/09\/03-12x12.jpg 12w\" sizes=\"(max-width: 83px) 100vw, 83px\" \/>Agricultural industry<\/p>\t\t\t\t\t\t\t\t<\/div>\n\t\t\t\t<\/div>\n\t\t<div class=\"elementor-element elementor-element-36eddad e-con-full e-flex wpr-particle-no wpr-jarallax-no wpr-parallax-no wpr-sticky-section-no e-con e-child\" data-id=\"36eddad\" data-element_type=\"container\">\n\t\t\t\t<div class=\"elementor-element elementor-element-0f08054 elementor-widget elementor-widget-text-editor\" data-id=\"0f08054\" data-element_type=\"widget\" data-widget_type=\"text-editor.default\">\n\t\t\t\t\t\t\t\t\t<p style=\"text-align: center;\"><img loading=\"lazy\" decoding=\"async\" class=\"wp-image-772 size-full aligncenter\" src=\"https:\/\/testeando.com.ar\/4pl\/wp-content\/uploads\/2025\/09\/04.jpg\" alt=\"\" width=\"83\" height=\"83\" srcset=\"https:\/\/prlogistica.com\/wp-content\/uploads\/2025\/09\/04.jpg 83w, https:\/\/prlogistica.com\/wp-content\/uploads\/2025\/09\/04-12x12.jpg 12w\" sizes=\"(max-width: 83px) 100vw, 83px\" \/>Mining industry<\/p>\t\t\t\t\t\t\t\t<\/div>\n\t\t\t\t<\/div>\n\t\t<div class=\"elementor-element elementor-element-ae21a39 e-con-full e-flex wpr-particle-no wpr-jarallax-no wpr-parallax-no wpr-sticky-section-no e-con e-child\" data-id=\"ae21a39\" data-element_type=\"container\">\n\t\t\t\t<div class=\"elementor-element elementor-element-42ce1d0 elementor-widget elementor-widget-text-editor\" data-id=\"42ce1d0\" data-element_type=\"widget\" data-widget_type=\"text-editor.default\">\n\t\t\t\t\t\t\t\t\t<p style=\"text-align: center;\"><img loading=\"lazy\" decoding=\"async\" class=\"wp-image-773 size-full aligncenter\" src=\"https:\/\/testeando.com.ar\/4pl\/wp-content\/uploads\/2025\/09\/05.jpg\" alt=\"\" width=\"83\" height=\"83\" srcset=\"https:\/\/prlogistica.com\/wp-content\/uploads\/2025\/09\/05.jpg 83w, https:\/\/prlogistica.com\/wp-content\/uploads\/2025\/09\/05-12x12.jpg 12w\" sizes=\"(max-width: 83px) 100vw, 83px\" \/>Capital goods<\/p>\t\t\t\t\t\t\t\t<\/div>\n\t\t\t\t<\/div>\n\t\t<div class=\"elementor-element elementor-element-02abffd e-con-full e-flex wpr-particle-no wpr-jarallax-no wpr-parallax-no wpr-sticky-section-no e-con e-child\" data-id=\"02abffd\" data-element_type=\"container\">\n\t\t\t\t<div class=\"elementor-element elementor-element-324c273 elementor-widget elementor-widget-text-editor\" data-id=\"324c273\" data-element_type=\"widget\" data-widget_type=\"text-editor.default\">\n\t\t\t\t\t\t\t\t\t<p style=\"text-align: center;\"><img loading=\"lazy\" decoding=\"async\" class=\"wp-image-774 size-full aligncenter\" src=\"https:\/\/testeando.com.ar\/4pl\/wp-content\/uploads\/2025\/09\/06.jpg\" alt=\"\" width=\"83\" height=\"83\" srcset=\"https:\/\/prlogistica.com\/wp-content\/uploads\/2025\/09\/06.jpg 83w, https:\/\/prlogistica.com\/wp-content\/uploads\/2025\/09\/06-12x12.jpg 12w\" sizes=\"(max-width: 83px) 100vw, 83px\" \/>Distributors \/ retailers<\/p>\t\t\t\t\t\t\t\t<\/div>\n\t\t\t\t<\/div>\n\t\t\t\t<\/div>\n\t\t\t\t<div class=\"elementor-element elementor-element-d3507d8 elementor-widget elementor-widget-text-editor\" data-id=\"d3507d8\" data-element_type=\"widget\" data-widget_type=\"text-editor.default\">\n\t\t\t\t\t\t\t\t\t<p><strong>Scale your business toward globalization and efficiency. Write to us so we can help you!<\/strong><\/p>\t\t\t\t\t\t\t\t<\/div>\n\t\t\t\t<div class=\"elementor-element elementor-element-3f3acd8 elementor-align-right elementor-widget elementor-widget-button\" data-id=\"3f3acd8\" data-element_type=\"widget\" data-widget_type=\"button.default\">\n\t\t\t\t\t\t\t\t\t\t<a class=\"elementor-button elementor-button-link elementor-size-sm\" href=\"https:\/\/testeando.com.ar\/4pl#servicios\">\n\t\t\t\t\t\t<span class=\"elementor-button-content-wrapper\">\n\t\t\t\t\t\t\t\t\t<span class=\"elementor-button-text\">Return<\/span>\n\t\t\t\t\t<\/span>\n\t\t\t\t\t<\/a>\n\t\t\t\t\t\t\t\t<\/div>\n\t\t\t\t<\/div>\n\t\t\t\t\t<\/div>\n\t\t\t\t<\/div>\n\t\t\t\t<\/div>","protected":false},"excerpt":{"rendered":"<p>GESTI\u00d3N GESTI\u00d3N DE LA LOG\u00cdSTICA DE TU EMPRESA \u00bfQuieres mirar tu negocio desde una perspectiva estrat\u00e9gica y operacional? Coordinamos todos los proveedores de la cadena log\u00edstica para trabajar de manera sincronizada resolviendo y representando los intereses de tu empresa y logrando una mejora en tus procesos de abastecimiento y distribuci\u00f3n, otorg\u00e1ndote tiempo, para que puedas enfocarte en el desarrollo de tu negocio. . Un \u00fanico enlace con todas las partes involucradas en la cadena de abastecimiento de tu empresa. . Un socio estrat\u00e9gico que represente los intereses de tu empresa ante los proveedores de servicios log\u00edsticos. . Testea nuevos mercados sin necesidad de recurrir a grandes inversiones de dinero. Proveemos servicios a: Industria de agua Industria de alimento Industria agr\u00edcola Industria minera Bienes de capital Distribuidores \/ retailers Escal\u00e1 tu negocio hacia la globalidad y eficiencia. \u00a1Escribinos para que podamos ayudarte! Volver<\/p>","protected":false},"author":1,"featured_media":0,"parent":0,"menu_order":0,"comment_status":"closed","ping_status":"closed","template":"","meta":{"_eb_attr":"","inline_featured_image":false,"footnotes":""},"class_list":["post-759","page","type-page","status-publish","hentry"],"aioseo_notices":[],"_links":{"self":[{"href":"https:\/\/prlogistica.com\/en\/wp-json\/wp\/v2\/pages\/759","targetHints":{"allow":["GET"]}}],"collection":[{"href":"https:\/\/prlogistica.com\/en\/wp-json\/wp\/v2\/pages"}],"about":[{"href":"https:\/\/prlogistica.com\/en\/wp-json\/wp\/v2\/types\/page"}],"author":[{"embeddable":true,"href":"https:\/\/prlogistica.com\/en\/wp-json\/wp\/v2\/users\/1"}],"replies":[{"embeddable":true,"href":"https:\/\/prlogistica.com\/en\/wp-json\/wp\/v2\/comments?post=759"}],"version-history":[{"count":20,"href":"https:\/\/prlogistica.com\/en\/wp-json\/wp\/v2\/pages\/759\/revisions"}],"predecessor-version":[{"id":1029,"href":"https:\/\/prlogistica.com\/en\/wp-json\/wp\/v2\/pages\/759\/revisions\/1029"}],"wp:attachment":[{"href":"https:\/\/prlogistica.com\/en\/wp-json\/wp\/v2\/media?parent=759"}],"curies":[{"name":"wp","href":"https:\/\/api.w.org\/{rel}","templated":true}]}}