{"id":707,"date":"2025-09-08T16:21:01","date_gmt":"2025-09-08T19:21:01","guid":{"rendered":"https:\/\/testeando.com.ar\/4pl\/?page_id=707"},"modified":"2025-09-18T20:51:13","modified_gmt":"2025-09-18T23:51:13","slug":"asesoramiento","status":"publish","type":"page","link":"https:\/\/prlogistica.com\/en\/asesoramiento\/","title":{"rendered":"PR Log\u00edstica &#8211; Asesoramiento"},"content":{"rendered":"<div data-elementor-type=\"wp-page\" data-elementor-id=\"707\" class=\"elementor elementor-707\">\n\t\t\t\t<div class=\"elementor-element elementor-element-0fb85e9 e-flex e-con-boxed wpr-particle-no wpr-jarallax-no wpr-parallax-no wpr-sticky-section-no e-con e-parent\" data-id=\"0fb85e9\" data-element_type=\"container\">\n\t\t\t\t\t<div class=\"e-con-inner\">\n\t\t<div class=\"elementor-element elementor-element-4b58002 e-con-full e-flex wpr-particle-no wpr-jarallax-no wpr-parallax-no wpr-sticky-section-no e-con e-child\" data-id=\"4b58002\" data-element_type=\"container\">\n\t\t\t\t<div class=\"elementor-element elementor-element-1b279e5 elementor-widget elementor-widget-text-editor\" data-id=\"1b279e5\" data-element_type=\"widget\" data-widget_type=\"text-editor.default\">\n\t\t\t\t\t\t\t\t\t<p>ADVICE<\/p>\t\t\t\t\t\t\t\t<\/div>\n\t\t\t\t<div class=\"elementor-element elementor-element-04f8d8a elementor-widget elementor-widget-text-editor\" data-id=\"04f8d8a\" data-element_type=\"widget\" data-widget_type=\"text-editor.default\">\n\t\t\t\t\t\t\t\t\t<hr style=\"    margin: 20px 0;    border: 0;    max-width: 30%;    border-top: 4px solid #f84a6f;    border-bottom: none;\">We help you optimize your logistics operations efficiently and efficiently through our extensive network of suppliers. We advise you on:\t\t\t\t\t\t\t\t<\/div>\n\t\t\t\t<\/div>\n\t\t\t\t\t<\/div>\n\t\t\t\t<\/div>\n\t\t<div class=\"elementor-element elementor-element-f876312 e-flex e-con-boxed wpr-particle-no wpr-jarallax-no wpr-parallax-no wpr-sticky-section-no e-con e-parent\" data-id=\"f876312\" data-element_type=\"container\">\n\t\t\t\t\t<div class=\"e-con-inner\">\n\t\t<div class=\"elementor-element elementor-element-4fb66eb e-con-full e-flex wpr-particle-no wpr-jarallax-no wpr-parallax-no wpr-sticky-section-no e-con e-child\" data-id=\"4fb66eb\" data-element_type=\"container\">\n\t\t\t\t<div class=\"elementor-element elementor-element-c015e6f elementor-widget elementor-widget-image\" data-id=\"c015e6f\" data-element_type=\"widget\" data-widget_type=\"image.default\">\n\t\t\t\t\t\t\t\t\t\t\t\t\t\t\t<img fetchpriority=\"high\" decoding=\"async\" width=\"670\" height=\"543\" src=\"https:\/\/prlogistica.com\/wp-content\/uploads\/2025\/09\/aesoramiento.jpeg\" class=\"attachment-large size-large wp-image-1011\" alt=\"\" srcset=\"https:\/\/prlogistica.com\/wp-content\/uploads\/2025\/09\/aesoramiento.jpeg 670w, https:\/\/prlogistica.com\/wp-content\/uploads\/2025\/09\/aesoramiento-300x243.jpeg 300w, https:\/\/prlogistica.com\/wp-content\/uploads\/2025\/09\/aesoramiento-15x12.jpeg 15w\" sizes=\"(max-width: 670px) 100vw, 670px\" \/>\t\t\t\t\t\t\t\t\t\t\t\t\t\t\t<\/div>\n\t\t\t\t<\/div>\n\t\t<div class=\"elementor-element elementor-element-7b4cf6b e-con-full e-flex wpr-particle-no wpr-jarallax-no wpr-parallax-no wpr-sticky-section-no e-con e-child\" data-id=\"7b4cf6b\" data-element_type=\"container\">\n\t\t\t\t<div class=\"elementor-element elementor-element-2d0bade elementor-widget__width-inherit elementor-widget elementor-widget-text-editor\" data-id=\"2d0bade\" data-element_type=\"widget\" data-widget_type=\"text-editor.default\">\n\t\t\t\t\t\t\t\t\t<p>Transport<\/p>\t\t\t\t\t\t\t\t<\/div>\n\t\t\t\t<div class=\"elementor-element elementor-element-6f385e9 elementor-widget elementor-widget-text-editor\" data-id=\"6f385e9\" data-element_type=\"widget\" data-widget_type=\"text-editor.default\">\n\t\t\t\t\t\t\t\t\t<p>Have you ever wondered if your company is making the best decisions regarding freight transportation?<\/p><p>Evaluate options without investing your time, validate costs, supplier contract terms, services, transit times, and make decisions for your company.<\/p><p>We can take care of it!<\/p>\t\t\t\t\t\t\t\t<\/div>\n\t\t\t\t<div class=\"elementor-element elementor-element-ffbbbeb elementor-widget__width-inherit elementor-widget elementor-widget-text-editor\" data-id=\"ffbbbeb\" data-element_type=\"widget\" data-widget_type=\"text-editor.default\">\n\t\t\t\t\t\t\t\t\t<p>Customs<\/p>\t\t\t\t\t\t\t\t<\/div>\n\t\t\t\t<div class=\"elementor-element elementor-element-814aff0 elementor-widget elementor-widget-text-editor\" data-id=\"814aff0\" data-element_type=\"widget\" data-widget_type=\"text-editor.default\">\n\t\t\t\t\t\t\t\t\t<p>Know everything about your products, what difficulties may arise in customs at both origin and destination, how to handle them, and plan ahead to avoid additional costs, wasted time, and bottlenecks for your business.<\/p><p>Contact us and we can help you!<\/p>\t\t\t\t\t\t\t\t<\/div>\n\t\t\t\t<div class=\"elementor-element elementor-element-b67f432 elementor-widget__width-inherit elementor-widget elementor-widget-text-editor\" data-id=\"b67f432\" data-element_type=\"widget\" data-widget_type=\"text-editor.default\">\n\t\t\t\t\t\t\t\t\t<p>Interventions before third-party organizations<\/p>\t\t\t\t\t\t\t\t<\/div>\n\t\t\t\t<div class=\"elementor-element elementor-element-6ce40a3 elementor-widget elementor-widget-text-editor\" data-id=\"6ce40a3\" data-element_type=\"widget\" data-widget_type=\"text-editor.default\">\n\t\t\t\t\t\t\t\t\t<p>We have a team of experts if your product requires authorization to be imported and marketed. We can manage and monitor the process without your company having to spend too much effort on this process. Contact us so we can help you!<\/p>\t\t\t\t\t\t\t\t<\/div>\n\t\t\t\t<div class=\"elementor-element elementor-element-765a0b6 elementor-widget__width-inherit elementor-widget elementor-widget-text-editor\" data-id=\"765a0b6\" data-element_type=\"widget\" data-widget_type=\"text-editor.default\">\n\t\t\t\t\t\t\t\t\t<p>Cross Docking \u2013 Cross-selling \u2013 Outsourcing, logistics without warehouses<\/p>\t\t\t\t\t\t\t\t<\/div>\n\t\t\t\t<div class=\"elementor-element elementor-element-da50355 elementor-widget elementor-widget-text-editor\" data-id=\"da50355\" data-element_type=\"widget\" data-widget_type=\"text-editor.default\">\n\t\t\t\t\t\t\t\t\t<p>If you have the option of selling products directly from your supplier to your customers, you need a series of steps to carry out this type of transaction. This will ensure the continuity of your business and expand your market. To do this, you need a strategic partner who will look out for your interests or those of your company and can offer you options in different countries around the world. Write to us so we can help you!<\/p>\t\t\t\t\t\t\t\t<\/div>\n\t\t\t\t<div class=\"elementor-element elementor-element-e452499 elementor-widget__width-inherit elementor-widget elementor-widget-text-editor\" data-id=\"e452499\" data-element_type=\"widget\" data-widget_type=\"text-editor.default\">\n\t\t\t\t\t\t\t\t\t<p>Quality certifications<\/p>\t\t\t\t\t\t\t\t<\/div>\n\t\t\t\t<div class=\"elementor-element elementor-element-6cd350d elementor-widget elementor-widget-text-editor\" data-id=\"6cd350d\" data-element_type=\"widget\" data-widget_type=\"text-editor.default\">\n\t\t\t\t\t\t\t\t\t<p>If you've ever felt like you didn't have 100% confidence in your supplier or experienced a product quality issue, this is no longer a problem. You can verify the authenticity of your suppliers and certify their quality. We can take care of it!<\/p>\t\t\t\t\t\t\t\t<\/div>\n\t\t\t\t<div class=\"elementor-element elementor-element-bb2e567 elementor-widget__width-inherit elementor-widget elementor-widget-text-editor\" data-id=\"bb2e567\" data-element_type=\"widget\" data-widget_type=\"text-editor.default\">\n\t\t\t\t\t\t\t\t\t<p>Security<\/p>\t\t\t\t\t\t\t\t<\/div>\n\t\t\t\t<div class=\"elementor-element elementor-element-c2dd5ce elementor-widget elementor-widget-text-editor\" data-id=\"c2dd5ce\" data-element_type=\"widget\" data-widget_type=\"text-editor.default\">\n\t\t\t\t\t\t\t\t\t<p>Don't risk your business. We recommend always insuring your cargo. It protects you against any eventuality throughout the entire journey. Write to us so we can help you!<\/p>\t\t\t\t\t\t\t\t<\/div>\n\t\t\t\t<div class=\"elementor-element elementor-element-3f3acd8 elementor-align-right elementor-widget elementor-widget-button\" data-id=\"3f3acd8\" data-element_type=\"widget\" data-widget_type=\"button.default\">\n\t\t\t\t\t\t\t\t\t\t<a class=\"elementor-button elementor-button-link elementor-size-sm\" href=\"https:\/\/testeando.com.ar\/4pl#servicios\">\n\t\t\t\t\t\t<span class=\"elementor-button-content-wrapper\">\n\t\t\t\t\t\t\t\t\t<span class=\"elementor-button-text\">Return<\/span>\n\t\t\t\t\t<\/span>\n\t\t\t\t\t<\/a>\n\t\t\t\t\t\t\t\t<\/div>\n\t\t\t\t<\/div>\n\t\t\t\t\t<\/div>\n\t\t\t\t<\/div>\n\t\t\t\t<\/div>","protected":false},"excerpt":{"rendered":"<p>ASESORAMIENTO Te ayudamos a optimizar de manera \u00e1gil y eficaz tus operaciones log\u00edsticas por medio de nuestra amplia red de proveedores. Te asesoramos en: Transporte \u00bfTe has preguntado si tu empresa est\u00e1 tomando las mejores decisiones en t\u00e9rminos de transporte de carga? Eval\u00faa las opciones sin necesidad de invertir tu tiempo en hacerlo, valida costos, condiciones de contrataci\u00f3n con los proveedores, servicios, tiempo de tr\u00e1nsito y toma decisiones para tu empresa. \u00a1Nosotros podemos ocuparnos! Aduana Conoce todo sobre tus productos, qu\u00e9 dificultades se pueden presentar en relaci\u00f3n a aduanas tanto en origen como en destino, c\u00f3mo manejarlas y antic\u00edpate para evitar extra costos, p\u00e9rdidas de tiempo y cuellos de botella para tu empresa. \u00a1Cont\u00e1ctanos que podemos ayudarte! Intervenciones ante terceros organismos Contamos con un equipo de expertos si tu producto necesita autorizaci\u00f3n para ser importado y comercializado, podemos realizar la gesti\u00f3n y el seguimiento sin que tu empresa tenga que desgastarse en este proceso. \u00a1Escribinos para que podamos ayudarte! Cross Docking &#8211; Venta cruzada &#8211; Tercerizaci\u00f3n, la log\u00edstica sin almacen Si tienes la posibilidad de vender productos directamente desde tu proveedor, a tus clientes, necesitas una serie de recaudos para realizar este tipo de operaciones, de tal manera, que puedas garantizar la continuidad de tu negocio y desarrollar m\u00e1s mercados; para ello necesitas un aliado estrat\u00e9gico que vele por tus intereses o los de tu empresa y pueda ofrecerte opciones en distintos pa\u00edses del mundo. \u00a1Escribinos para que podamos ayudarte! Certificaciones de calidad Si alguna vez tuviste la sensaci\u00f3n de no tener el 100% de confianza en tu proveedor o tener alg\u00fan fallo en la calidad del producto, esto ya no es m\u00e1s un problema, puedes verificar la autenticidad de tus proveedores y certificar la calidad de los productos. \u00a1Nosotros podemos ocuparnos! Seguro No arriesgues tu negocio, nosotros te recomendamos que tomes siempre el seguro para tu carga, con \u00e9l te resguardas ante cualquier eventualidad durante todo el trayecto. \u00a1Escribinos para que podamos ayudarte! Volver<\/p>","protected":false},"author":1,"featured_media":0,"parent":0,"menu_order":0,"comment_status":"closed","ping_status":"closed","template":"","meta":{"_eb_attr":"","inline_featured_image":false,"footnotes":""},"class_list":["post-707","page","type-page","status-publish","hentry"],"aioseo_notices":[],"_links":{"self":[{"href":"https:\/\/prlogistica.com\/en\/wp-json\/wp\/v2\/pages\/707","targetHints":{"allow":["GET"]}}],"collection":[{"href":"https:\/\/prlogistica.com\/en\/wp-json\/wp\/v2\/pages"}],"about":[{"href":"https:\/\/prlogistica.com\/en\/wp-json\/wp\/v2\/types\/page"}],"author":[{"embeddable":true,"href":"https:\/\/prlogistica.com\/en\/wp-json\/wp\/v2\/users\/1"}],"replies":[{"embeddable":true,"href":"https:\/\/prlogistica.com\/en\/wp-json\/wp\/v2\/comments?post=707"}],"version-history":[{"count":26,"href":"https:\/\/prlogistica.com\/en\/wp-json\/wp\/v2\/pages\/707\/revisions"}],"predecessor-version":[{"id":1026,"href":"https:\/\/prlogistica.com\/en\/wp-json\/wp\/v2\/pages\/707\/revisions\/1026"}],"wp:attachment":[{"href":"https:\/\/prlogistica.com\/en\/wp-json\/wp\/v2\/media?parent=707"}],"curies":[{"name":"wp","href":"https:\/\/api.w.org\/{rel}","templated":true}]}}